{"id":782,"date":"2026-01-27T09:11:54","date_gmt":"2026-01-27T08:11:54","guid":{"rendered":"https:\/\/greentable.cz\/?page_id=782"},"modified":"2026-01-27T09:20:01","modified_gmt":"2026-01-27T08:20:01","slug":"gdpr","status":"publish","type":"page","link":"https:\/\/greentable.cz\/en\/gdpr\/","title":{"rendered":"GDPR"},"content":{"rendered":"<h1>Podm\u00ednky ochrany osobn\u00edch \u00fadaj\u016f<\/h1>\n<div>\n<h2><b>I. Ochrana osobn\u00edch \u00fadaj\u016f<\/b><\/h2>\n<p>1.1 Vlo\u017een\u00edm osobn\u00edch \u00fadaj\u016f potvrzuje u\u017eivatel, \u017ee je srozum\u011bn s\u00a0podm\u00ednkami ochrany osobn\u00edch \u00fadaj\u016f, \u017ee vyjad\u0159uje sv\u016fj souhlas s\u00a0jejich zn\u011bn\u00edm, a\u00a0\u017ee je v\u00a0cel\u00e9m rozsahu akceptuje.<\/p>\n<p>1.2 Poskytovatel je spr\u00e1vcem osobn\u00edch \u00fadaj\u016f u\u017eivatel\u016f podle \u010dl. 4 bod 7) na\u0159\u00edzen\u00ed Evropsk\u00e9ho parlamentu a\u00a0Rady (EU) 2016\/679 o\u00a0ochran\u011b fyzick\u00fdch osob v\u00a0souvislosti se zpracov\u00e1n\u00edm osobn\u00edch \u00fadaj\u016f a\u00a0o\u00a0voln\u00e9m pohybu t\u011bchto \u00fadaj\u016f a\u00a0o\u00a0zru\u0161en\u00ed sm\u011brnice 95\/46\/ES (obecn\u00e9 na\u0159\u00edzen\u00ed o\u00a0ochran\u011b osobn\u00edch \u00fadaj\u016f) (d\u00e1le jen: \u201cGDPR\u201d). Poskytovatel se zavazuje zpracov\u00e1vat osobn\u00ed \u00fadaje v\u00a0souladu s\u00a0pr\u00e1vn\u00edmi p\u0159edpisy, zejm. GDPR.<\/p>\n<p>1.3 Osobn\u00edmi \u00fadaji jsou ve\u0161ker\u00e9 informace o\u00a0identifikovan\u00e9 nebo identifikovateln\u00e9 fyzick\u00e9 osob\u011b; identifikovatelnou fyzickou osobou je fyzick\u00e1 osoba, kterou lze p\u0159\u00edmo \u010di nep\u0159\u00edmo identifikovat, zejm\u00e9na odkazem na ur\u010dit\u00fd identifik\u00e1tor, nap\u0159\u00edklad jm\u00e9no, identifika\u010dn\u00ed \u010d\u00edslo, loka\u010dn\u00ed \u00fadaje, s\u00ed\u0165ov\u00fd identifik\u00e1tor nebo na jeden \u010di v\u00edce zvl\u00e1\u0161tn\u00edch prvk\u016f fyzick\u00e9, fyziologick\u00e9, genetick\u00e9, psychick\u00e9, ekonomick\u00e9, kulturn\u00ed nebo spole\u010densk\u00e9 identity t\u00e9to fyzick\u00e9 osoby.<\/p>\n<p>1.4 P\u0159i objedn\u00e1vce jsou vy\u017eadov\u00e1ny osobn\u00ed \u00fadaje, kter\u00e9 jsou nutn\u00e9 pro \u00fasp\u011b\u0161n\u00e9 vy\u0159\u00edzen\u00ed objedn\u00e1vky (jm\u00e9no a\u00a0adresa, kontakt). \u00da\u010delem zpracov\u00e1n\u00ed osobn\u00edch \u00fadaj\u016f je vy\u0159\u00edzen\u00ed objedn\u00e1vky u\u017eivatele a\u00a0v\u00fdkon pr\u00e1v a\u00a0povinnost\u00ed vypl\u00fdvaj\u00edc\u00edch ze smluvn\u00edho vztahu mezi Poskytovatelem a\u00a0U\u017eivatelem. \u00da\u010delem zpracov\u00e1n\u00ed osobn\u00edch \u00fadaj\u016f je d\u00e1le zas\u00edl\u00e1n\u00ed obchodn\u00edch sd\u011blen\u00ed a\u00a0\u010din\u011bn\u00ed dal\u0161\u00edch marketingov\u00fdch aktivit. Z\u00e1konn\u00fdm d\u016fvodem pro zpracov\u00e1n\u00ed osobn\u00edch \u00fadaj\u016f je pln\u011bn\u00ed smlouvy dle \u010dl. 6 odst. 1 p\u00edsm. b) GDPR, pln\u011bn\u00ed pr\u00e1vn\u00ed povinnosti spr\u00e1vce dle \u010dl. 6 odst. 1 p\u00edsm. c) GDPR a\u00a0opr\u00e1vn\u011bn\u00fd z\u00e1jem Poskytovatele dle \u010dl. 6 odst. 1 p\u00edsm. f) GDPR. Opr\u00e1vn\u011bn\u00fdm z\u00e1jmem Poskytovatele je zpracov\u00e1n\u00ed osobn\u00edch \u00fadaj\u016f pro \u00fa\u010dely p\u0159\u00edm\u00e9ho marketingu.<\/p>\n<p>1.5 Poskytovatel pro pln\u011bn\u00ed licen\u010dn\u00ed smlouvy pou\u017e\u00edv\u00e1 slu\u017eeb subdodavatel\u016f, zejm\u00e9na poskytovatele mailingov\u00fdch slu\u017eeb (osobn\u00ed \u00fadaje jsou ukl\u00e1d\u00e1ny v\u00a03.\u00a0zem\u00edch) a\u00a0poskytovatele webhostingu. Subdodavatel\u00e9 jsou prov\u011b\u0159eni z\u00a0hlediska bezpe\u010dn\u00e9ho zpracov\u00e1n\u00ed osobn\u00edch \u00fadaj\u016f. Poskytovatel a\u00a0subdodavatel webhostingu uzav\u0159eli smlouvu o\u00a0zpracov\u00e1n\u00ed osobn\u00edch \u00fadaj\u016f, dle kter\u00e9 subdodavatel odpov\u00edd\u00e1 za \u0159\u00e1dn\u011b zabezpe\u010den\u00ed fyzick\u00e9ho, hardwarov\u00e9ho i\u00a0softwarov\u00e9ho perimetru, a\u00a0tedy nese v\u016f\u010di u\u017eivateli p\u0159\u00edmou odpov\u011bdnost za jak\u00fdkoliv \u00fanik \u010di naru\u0161en\u00ed osobn\u00edch \u00fadaj\u016f.<\/p>\n<p>1.6 Poskytovatel ukl\u00e1d\u00e1 osobn\u00ed \u00fadaje u\u017eivatele po dobu nezbytnou k\u00a0v\u00fdkonu pr\u00e1v a\u00a0povinnost\u00ed vypl\u00fdvaj\u00edc\u00edch ze smluvn\u00edho vztahu mezi poskytovatelem a\u00a0u\u017eivatelem a\u00a0uplat\u0148ov\u00e1n\u00ed n\u00e1rok\u016f z\u00a0t\u011bchto smluvn\u00edch vztah\u016f (po dobu 15 let od ukon\u010den\u00ed smluvn\u00edho vztahu). Po jej\u00edm uplynut\u00ed budou \u00fadaje vymaz\u00e1ny.<\/p>\n<p>1.7 U\u017eivatel m\u00e1 pr\u00e1vo po\u017eadovat od poskytovatele p\u0159\u00edstup ke sv\u00fdm osobn\u00edm \u00fadaj\u016fm dle \u010dl. 15 GDPR, opravu osobn\u00edch \u00fadaj\u016f dle \u010dl. 16 GDPR, pop\u0159\u00edpad\u011b omezen\u00ed zpracov\u00e1n\u00ed dle \u010dl. 18 GDPR. U\u017eivatel m\u00e1 pr\u00e1vo na v\u00fdmaz osobn\u00edch \u00fadaj\u016f dle \u010dl. 17 odst. 1 p\u00edsm. a), a\u00a0c) a\u017e f) GDPR. D\u00e1le m\u00e1 u\u017eivatel pr\u00e1vo vzn\u00e9st n\u00e1mitku proti zpracov\u00e1n\u00ed dle \u010dl. 21 GDPR a\u00a0pr\u00e1vo na p\u0159enositelnost \u00fadaj\u016f dle \u010dl. 20 GDPR.<\/p>\n<p>1.8 U\u017eivatel m\u00e1 pr\u00e1vo podat st\u00ed\u017enost u\u00a0\u00da\u0159adu pro ochranu osobn\u00edch \u00fadaj\u016f v\u00a0p\u0159\u00edpad\u011b, \u017ee se domn\u00edv\u00e1, \u017ee bylo poru\u0161eno jeho pr\u00e1vo na ochranu osobn\u00edch \u00fadaj\u016f.<\/p>\n<p>1.9 U\u017eivatel nem\u00e1 povinnost osobn\u00ed \u00fadaje poskytnout. Poskytnut\u00ed osobn\u00edch \u00fadaj\u016f je v\u0161ak nutn\u00fdm po\u017eadavkem pro uzav\u0159en\u00ed a\u00a0pln\u011bn\u00ed smlouvy a\u00a0bez poskytnut\u00ed osobn\u00edch \u00fadaj\u016f nen\u00ed mo\u017en\u00e9 smlouvu uzav\u0159\u00edt \u010di j\u00ed ze strany poskytovatele plnit.<\/p>\n<p>1.10 Ze strany Poskytovatele nedoch\u00e1z\u00ed k\u00a0automatick\u00e9mu individu\u00e1ln\u00edmu rozhodov\u00e1n\u00ed ve smyslu \u010d. 22 GDPR.<\/p>\n<p>1.11 Z\u00e1jemce o\u00a0vyu\u017e\u00edv\u00e1n\u00ed slu\u017eeb Poskytovatele vypln\u011bn\u00edm kontaktn\u00edho formul\u00e1\u0159e:<\/p>\n<ul>\n<li aria-level=\"1\">souhlas\u00ed s\u00a0pou\u017eit\u00edm sv\u00fdch osobn\u00edch \u00fadaj\u016f pro \u00fa\u010dely elektronick\u00e9ho zas\u00edl\u00e1n\u00ed obchodn\u00edch sd\u011blen\u00ed, reklamn\u00edch materi\u00e1l\u016f, p\u0159\u00edm\u00e9ho prodeje, pr\u016fzkum\u016f trhu a\u00a0p\u0159\u00edm\u00fdch nab\u00eddek produkt\u016f ze strany Poskytovatele a\u00a0t\u0159et\u00edch subjekt\u016f, ne v\u0161ak \u010dast\u011bji, ne\u017e 1x t\u00fddn\u011b, a\u00a0z\u00e1rove\u0148<\/li>\n<li aria-level=\"1\">prohla\u0161uje, \u017ee zas\u00edl\u00e1n\u00ed informac\u00ed dle bodu 1.11.1 nepova\u017euje za nevy\u017e\u00e1danou reklamu ve smyslu z\u00e1k. \u010d. 40\/1995 Sb. ve zn\u011bn\u00ed novel, nebo\u0165 u\u017eivatel se zas\u00edlanou informac\u00ed dle bodu 1.11.1 ve spojen\u00ed s\u00a0\u00a7 7 z\u00e1k. \u010d. 480\/2004 Sb. v\u00fdslovn\u011b souhlas\u00ed.<\/li>\n<li aria-level=\"1\">Souhlas dle tohoto odstavce m\u016f\u017ee u\u017eivatel kdykoli p\u00edsemn\u011b odvolat na office@greentable.cz<\/li>\n<\/ul>\n<p>1.12 Poskytovatel pou\u017e\u00edv\u00e1 v\u00a0r\u00e1mci zvy\u0161ov\u00e1n\u00ed kvality slu\u017eeb, personalizace nab\u00eddky, sb\u011bru anonymn\u00edch dat a\u00a0pro analytick\u00e9 \u00fa\u010dely ve sv\u00e9 prezentaci tzv. soubory cookie. Pou\u017e\u00edv\u00e1n\u00edm webu U\u017eivatel souhlas\u00ed s\u00a0pou\u017eit\u00edm zm\u00edn\u011bn\u00e9 technologie.<\/p>\n<h2><b>II. Pr\u00e1va a\u00a0povinnosti mezi spr\u00e1vcem a\u00a0zpracovatelem (zpracovatelsk\u00e1 smlouva)<\/b><\/h2>\n<p>2.1 Poskytovatel je ve vztahu k\u00a0osobn\u00edm \u00fadaj\u016fm klient\u016f u\u017eivatel\u016f zpracovatelem dle \u010dl. 28 GDPR. U\u017eivatel je spr\u00e1vcem t\u011bchto \u00fadaj\u016f.<\/p>\n<p>2.2 Tyto podm\u00ednky upravuj\u00ed vz\u00e1jemn\u00e1 pr\u00e1va a\u00a0povinnosti p\u0159i zpracov\u00e1n\u00ed osobn\u00edch \u00fadaj\u016f, ke kter\u00fdm Poskytovatel z\u00edskal p\u0159\u00edstup v\u00a0r\u00e1mci pln\u011bn\u00ed licen\u010dn\u00ed smlouvy uzav\u0159en\u00e9 formou odsouhlasen\u00ed v\u0161eobecn\u00fdch obchodn\u00edch podm\u00ednek(d\u00e1le jen \u201elicen\u010dn\u00ed smlouva\u201c) uzav\u0159en\u00e9 s\u00a0U\u017eivatelem ke dni z\u0159\u00edzen\u00ed u\u017eivatelsk\u00e9ho \u00fa\u010dtu.<\/p>\n<p>2.3 Poskytovatel se zavazuje pro U\u017eivatele zpracov\u00e1vat osobn\u00ed \u00fadaje v\u00a0rozsahu a\u00a0za \u00fa\u010delem stanoven\u00fdmi v\u00a0\u010dl. 2.4 \u2013 2.7 t\u011bchto podm\u00ednek. Prost\u0159edky zpracov\u00e1n\u00ed budou automatizovan\u00e9. Poskytovatel bude v\u00a0r\u00e1mci zpracov\u00e1n\u00ed osobn\u00ed \u00fadaje shroma\u017e\u010fovat, ukl\u00e1dat na nosi\u010de informac\u00ed, uchov\u00e1vat, blokovat a\u00a0likvidovat. Poskytovatel nen\u00ed opr\u00e1vn\u011bn osobn\u00ed \u00fadaje zpracov\u00e1vat v\u00a0rozporu nebo nad r\u00e1mec stanoven\u00fd t\u011bmito podm\u00ednkami.<\/p>\n<p>2.4 Poskytovatel se zavazuje pro u\u017eivatele zpracov\u00e1vat osobn\u00ed \u00fadaje v\u00a0tomto rozsahu:<\/p>\n<p>b\u011b\u017en\u00e9 osobn\u00ed \u00fadaje,<br \/>\nzvl\u00e1\u0161tn\u00ed kategorie \u00fadaj\u016f podle \u010dl. 9 GDPR, kter\u00e9 U\u017eivatel z\u00edskal v\u00a0souvislosti s\u00a0vlastn\u00ed obchodn\u00ed \u010dinnost\u00ed.<\/p>\n<p>2.5 Poskytovatel se zavazuje pro u\u017eivatele zpracov\u00e1vat osobn\u00ed \u00fadaje za \u00fa\u010delem zpracov\u00e1n\u00ed popt\u00e1vek a\u00a0po\u017eadavk\u016f klient\u016f z\u00edskan\u00fdch z\u00a0kontaktn\u00edho formul\u00e1\u0159e.<\/p>\n<p>2.6 Osobn\u00ed \u00fadaje je mo\u017en\u00e9 zpracov\u00e1vat pouze na pracovi\u0161t\u00edch Poskytovatele nebo jeho subdodavatel\u016f podle \u010dl. 2.8 t\u011bchto podm\u00ednek, a\u00a0to na \u00fazem\u00ed Evropsk\u00e9 unie.<\/p>\n<p>2.7 Poskytovatel se zavazuje pro U\u017eivatele zpracov\u00e1vat osobn\u00ed \u00fadaje klient\u016f U\u017eivatele, to v\u0161e po dobu nezbytnou k\u00a0v\u00fdkonu pr\u00e1v a\u00a0povinnost\u00ed vypl\u00fdvaj\u00edc\u00edch ze smluvn\u00edho vztahu mezi Poskytovatelem a\u00a0U\u017eivatelem a\u00a0z\u00a0uplat\u0148ov\u00e1n\u00ed n\u00e1rok\u016f z\u00a0t\u011bchto smluvn\u00edch vztah\u016f (po dobu 15 let od ukon\u010den\u00ed smluvn\u00edho vztahu).<\/p>\n<p>2.8 U\u017eivatel ud\u011bluje povolen\u00ed se zapojen\u00edm subdodavatele jako\u017eto dal\u0161\u00edho zpracovatele podle \u010dl. 28 odst. 2 GDPR, kter\u00fdm je poskytovatel hostingu aplikace. U\u017eivatel d\u00e1le ud\u011bluje Poskytovateli obecn\u00e9 povolen\u00ed zapojit do zpracov\u00e1n\u00ed dal\u0161\u00edho zpracovatele osobn\u00edch \u00fadaj\u016f, Poskytovatel v\u0161ak mus\u00ed u\u017eivatele p\u00edsemn\u011b informovat o\u00a0v\u0161ech zam\u00fd\u0161len\u00fdch zm\u011bn\u00e1ch t\u00fdkaj\u00edc\u00edch se p\u0159ijet\u00ed dal\u0161\u00edch zpracovatel\u016f nebo jejich nahrazen\u00ed a\u00a0poskytnout u\u017eivateli mo\u017enost vyslovit v\u016f\u010di t\u011bmto zm\u011bn\u00e1m n\u00e1mitky. Poskytovatel mus\u00ed ulo\u017eit sv\u00fdm subdodavatel\u016fm v\u00a0postaven\u00ed zpracovatele osobn\u00edch \u00fadaj\u016f stejn\u00e9 povinnosti na ochranu osobn\u00edch \u00fadaj\u016f, jak jsou stanoveny v\u00a0t\u011bchto podm\u00ednk\u00e1ch.<\/p>\n<p>2.9 Poskytovatel se zavazuje, \u017ee zpracov\u00e1v\u00e1n\u00ed osobn\u00edch \u00fadaj\u016f bude zabezpe\u010deno zejm\u00e9na n\u00e1sleduj\u00edc\u00edm zp\u016fsobem:<\/p>\n<ul>\n<li aria-level=\"1\">Osobn\u00ed \u00fadaje jsou zpracov\u00e1v\u00e1ny v\u00a0souladu s\u00a0pr\u00e1vn\u00edmi p\u0159edpisy a\u00a0na z\u00e1klad\u011b pokyn\u016f U\u017eivatele, tj. pro v\u00fdkon ve\u0161ker\u00fdch \u010dinnost\u00ed pot\u0159ebn\u00fdch pro poskytov\u00e1n\u00ed webov\u00e9 platformy.<\/li>\n<li aria-level=\"1\">Poskytovatel se zavazuje, \u017ee technicky a\u00a0organiza\u010dn\u011b zabezpe\u010d\u00ed ochranu zpracov\u00e1van\u00fdch osobn\u00edch \u00fadaj\u016f tak, aby nemohlo doj\u00edt k\u00a0neopr\u00e1vn\u011bn\u00e9mu nebo nahodil\u00e9mu p\u0159\u00edstupu k\u00a0\u00fadaj\u016fm, k\u00a0jejich zm\u011bn\u011b, zni\u010den\u00ed \u010di ztr\u00e1t\u011b, neopr\u00e1vn\u011bn\u00fdm p\u0159enos\u016fm, k\u00a0jejich jin\u00e9mu neopr\u00e1vn\u011bn\u00e9mu zpracov\u00e1n\u00ed, jako\u017e i\u00a0k\u00a0jin\u00e9mu zneu\u017eit\u00ed a\u00a0aby byly person\u00e1ln\u011b a\u00a0organiza\u010dn\u011b nep\u0159etr\u017eit\u011b po dobu zpracov\u00e1v\u00e1n\u00ed \u00fadaj\u016f zabezpe\u010deny ve\u0161ker\u00e9 povinnosti zpracovatele osobn\u00edch \u00fadaj\u016f, vypl\u00fdvaj\u00edc\u00ed z\u00a0pr\u00e1vn\u00edch p\u0159edpis\u016f.<\/li>\n<li aria-level=\"1\">P\u0159ijat\u00e1 technick\u00e1 a\u00a0organiza\u010dn\u00ed opat\u0159en\u00ed odpov\u00eddaj\u00ed m\u00ed\u0159e rizika. Poskytovatel pomoc\u00ed nich zaji\u0161\u0165uje neust\u00e1lou d\u016fv\u011brnost, integritu, dostupnost a\u00a0odolnost syst\u00e9m\u016f a\u00a0slu\u017eeb zpracov\u00e1n\u00ed, a\u00a0v\u010das obnovuje dostupnost osobn\u00edch \u00fadaj\u016f a\u00a0p\u0159\u00edstup k\u00a0nim v\u00a0p\u0159\u00edpad\u011b fyzick\u00fdch \u010di technick\u00fdch incident\u016f.<\/li>\n<li aria-level=\"1\">Poskytovatel t\u00edmto prohla\u0161uje, \u017ee ochrana osobn\u00edch \u00fadaj\u016f podl\u00e9h\u00e1 intern\u00edm bezpe\u010dnostn\u00edm p\u0159edpis\u016fm Poskytovatele.<\/li>\n<li aria-level=\"1\">K osobn\u00edm \u00fadaj\u016fm budou m\u00edt p\u0159\u00edstup pouze opr\u00e1vn\u011bn\u00e9 osoby Poskytovatele a\u00a0subdodavatel\u016f dle \u010dl. 2.8 t\u011bchto podm\u00ednek, kter\u00e9 budou m\u00edt Poskytovatelem stanoveny podm\u00ednky a\u00a0rozsah zpracov\u00e1n\u00ed \u00fadaj\u016f a\u00a0ka\u017ed\u00e1 takov\u00e1 osoba bude p\u0159istupovat k\u00a0osobn\u00edm \u00fadaj\u016fm pod sv\u00fdm jednozna\u010dn\u00fdm identifik\u00e1torem.<\/li>\n<li aria-level=\"1\">Opr\u00e1vn\u011bn\u00e9 osoby Poskytovatele, kter\u00e9 zpracov\u00e1vaj\u00ed osobn\u00ed \u00fadaje podle t\u011bchto podm\u00ednek, jsou povinny zachov\u00e1vat ml\u010denlivost o\u00a0osobn\u00edch \u00fadaj\u00edch a\u00a0o\u00a0bezpe\u010dnostn\u00edch opat\u0159en\u00edch, jejich\u017e zve\u0159ejn\u011bn\u00ed by ohrozilo jejich zabezpe\u010den\u00ed. Poskytovatel zajist\u00ed jejich prokazateln\u00e9 zav\u00e1z\u00e1n\u00ed k\u00a0t\u00e9to povinnosti. Poskytovatel zajist\u00ed, \u017ee tato povinnost pro Poskytovatele i\u00a0opr\u00e1vn\u011bn\u00e9 osoby bude trvat i\u00a0po skon\u010den\u00ed pracovn\u011b pr\u00e1vn\u00edho nebo jin\u00e9ho vztahu k\u00a0Poskytovateli.<\/li>\n<li aria-level=\"1\">Poskytovatel bude u\u017eivateli n\u00e1pomocen prost\u0159ednictv\u00edm vhodn\u00fdch technick\u00fdch a\u00a0organiza\u010dn\u00edch opat\u0159en\u00ed, pokud je to mo\u017en\u00e9, pro spln\u011bn\u00ed u\u017eivatelovy povinnosti reagovat na \u017e\u00e1dosti o\u00a0v\u00fdkon pr\u00e1v subjektu \u00fadaj\u016f stanoven\u00fdch v\u00a0GDPR; stejn\u011b tak p\u0159i zaji\u0161\u0165ov\u00e1n\u00ed souladu s\u00a0povinnostmi podle \u010dl. 32 a\u017e 36 GDPR, a\u00a0to p\u0159i zohledn\u011bn\u00ed povahy zpracov\u00e1n\u00ed a\u00a0informac\u00ed, je\u017e m\u00e1 Poskytovatel k\u00a0dispozici.<\/li>\n<li aria-level=\"1\">Po ukon\u010den\u00ed poskytov\u00e1n\u00ed pln\u011bn\u00ed, kter\u00e9 je spojeno se zpracov\u00e1n\u00edm, dle \u010dl. 2.7 t\u011bchto podm\u00ednek, je Poskytovatel povinen v\u0161echny osobn\u00ed \u00fadaje vymazat, nebo je vr\u00e1tit U\u017eivateli, pokud nem\u00e1 povinnost ulo\u017eit osobn\u00ed \u00fadaje na z\u00e1klad\u011b zvl\u00e1\u0161tn\u00edho z\u00e1kona.<\/li>\n<li aria-level=\"1\">Poskytovatel poskytne U\u017eivateli ve\u0161ker\u00e9 informace pot\u0159ebn\u00e9 k\u00a0dolo\u017een\u00ed toho, \u017ee byly spln\u011bny povinnosti podle t\u00e9to smlouvy a\u00a0GDPR, umo\u017en\u00ed audity, v\u010detn\u011b inspekc\u00ed, prov\u00e1d\u011bn\u00e9 U\u017eivatelem nebo jin\u00fdm auditorem, kter\u00e9ho u\u017eivatel pov\u011b\u0159il.<\/li>\n<\/ul>\n<p>2.10 U\u017eivatel se zavazuje neprodlen\u011b ohla\u0161ovat v\u0161echny jemu zn\u00e1m\u00e9 skute\u010dnosti, kter\u00e9 by mohly nep\u0159\u00edzniv\u011b ovlivnit \u0159\u00e1dn\u00e9 a\u00a0v\u010dasn\u00e9 pln\u011bn\u00ed z\u00e1vazk\u016f vypl\u00fdvaj\u00edc\u00edch z\u00a0t\u011bchto podm\u00ednek na a\u00a0poskytnout Poskytovateli sou\u010dinnost nezbytnou pro pln\u011bn\u00ed t\u011bchto podm\u00ednek.<\/p>\n<h2><b>III. Z\u00e1v\u011bre\u010dn\u00e1 ustanoven\u00ed<\/b><\/h2>\n<p>3.1 Tyto podm\u00ednky pozb\u00fdvaj\u00ed platnosti uplynut\u00edm doby uveden\u00e9 v\u00a0\u010dl. 1.6 a\u00a0\u010dl. 2.7 t\u011bchto podm\u00ednek.<\/p>\n<p>3.2 U\u017eivatel souhlas\u00ed s\u00a0t\u011bmito podm\u00ednkami za\u0161krtnut\u00edm souhlasu prost\u0159ednictv\u00edm internetov\u00e9ho formul\u00e1\u0159e. Za\u0161krtnut\u00edm souhlasu vyjad\u0159uje u\u017eivatel, \u017ee si tyto podm\u00ednky p\u0159e\u010detl, \u017ee s\u00a0nimi vyjad\u0159uje sv\u016fj souhlas a\u00a0\u017ee je v\u00a0cel\u00e9m rozsahu akceptuje.<\/p>\n<p>3.3 Poskytovatel je opr\u00e1vn\u011bn tyto podm\u00ednky zm\u011bnit. Poskytovatel je povinen bez zbyte\u010dn\u00e9ho odkladu zve\u0159ejnit novou verzi podm\u00ednek na sv\u00fdch internetov\u00fdch str\u00e1nk\u00e1ch, pop\u0159. za\u0161le novou verzi U\u017eivateli na jeho e-mailovou adresu.<\/p>\n<p>3.4 Kontaktn\u00ed \u00fadaje Poskytovatele ve v\u011bcech t\u00fdkaj\u00edc\u00edch se t\u011bchto podm\u00ednek: office@greentable.cz.<\/p>\n<p>3.5 Vztahy t\u011bmito podm\u00ednkami v\u00fdslovn\u011b neupraven\u00e9 se \u0159\u00edd\u00ed GDPR a\u00a0pr\u00e1vn\u00edm \u0159\u00e1dem \u010cesk\u00e9 republiky, zejm\u00e9na z\u00e1konem \u010d. 89\/2012 Sb., ob\u010dansk\u00fd z\u00e1kon\u00edk, v\u00a0platn\u00e9m zn\u011bn\u00ed.<\/p>\n<p>Tyto podm\u00ednky nab\u00fdvaj\u00ed \u00fa\u010dinnosti dnem 1.6.2025<\/p>\n<\/div>\n","protected":false},"excerpt":{"rendered":"<p>Podm\u00ednky ochrany osobn\u00edch \u00fadaj\u016f I. Ochrana osobn\u00edch \u00fadaj\u016f 1.1 Vlo\u017een\u00edm osobn\u00edch \u00fadaj\u016f potvrzuje u\u017eivatel, \u017ee je srozum\u011bn s\u00a0podm\u00ednkami ochrany osobn\u00edch \u00fadaj\u016f, \u017ee vyjad\u0159uje sv\u016fj souhlas s\u00a0jejich zn\u011bn\u00edm, a\u00a0\u017ee je v\u00a0cel\u00e9m rozsahu akceptuje. 1.2 Poskytovatel je spr\u00e1vcem osobn\u00edch \u00fadaj\u016f u\u017eivatel\u016f podle \u010dl. 4 bod 7) na\u0159\u00edzen\u00ed Evropsk\u00e9ho parlamentu a\u00a0Rady (EU) 2016\/679 o\u00a0ochran\u011b fyzick\u00fdch osob v\u00a0souvislosti se [&hellip;]<\/p>\n","protected":false},"author":1,"featured_media":0,"parent":0,"menu_order":0,"comment_status":"closed","ping_status":"closed","template":"page_gdpr.php","meta":{"inline_featured_image":false,"footnotes":""},"class_list":["post-782","page","type-page","status-publish","hentry"],"yoast_head":"<!-- This site is optimized with the Yoast SEO plugin v26.3 - https:\/\/yoast.com\/wordpress\/plugins\/seo\/ -->\n<title>GDPR - GreenTable<\/title>\n<meta name=\"robots\" content=\"index, follow, max-snippet:-1, max-image-preview:large, max-video-preview:-1\" \/>\n<link rel=\"canonical\" href=\"https:\/\/greentable.cz\/en\/gdpr\/\" \/>\n<meta property=\"og:locale\" content=\"en_US\" \/>\n<meta property=\"og:type\" content=\"article\" \/>\n<meta property=\"og:title\" content=\"GDPR - GreenTable\" \/>\n<meta property=\"og:description\" content=\"Podm\u00ednky ochrany osobn\u00edch \u00fadaj\u016f I. Ochrana osobn\u00edch \u00fadaj\u016f 1.1 Vlo\u017een\u00edm osobn\u00edch \u00fadaj\u016f potvrzuje u\u017eivatel, \u017ee je srozum\u011bn s\u00a0podm\u00ednkami ochrany osobn\u00edch \u00fadaj\u016f, \u017ee vyjad\u0159uje sv\u016fj souhlas s\u00a0jejich zn\u011bn\u00edm, a\u00a0\u017ee je v\u00a0cel\u00e9m rozsahu akceptuje. 1.2 Poskytovatel je spr\u00e1vcem osobn\u00edch \u00fadaj\u016f u\u017eivatel\u016f podle \u010dl. 4 bod 7) na\u0159\u00edzen\u00ed Evropsk\u00e9ho parlamentu a\u00a0Rady (EU) 2016\/679 o\u00a0ochran\u011b fyzick\u00fdch osob v\u00a0souvislosti se [&hellip;]\" \/>\n<meta property=\"og:url\" content=\"https:\/\/greentable.cz\/en\/gdpr\/\" \/>\n<meta property=\"og:site_name\" content=\"GreenTable\" \/>\n<meta property=\"article:modified_time\" content=\"2026-01-27T08:20:01+00:00\" \/>\n<meta property=\"og:image\" content=\"https:\/\/greentable.cz\/wp-content\/uploads\/2025\/11\/Group-643.jpg\" \/>\n\t<meta property=\"og:image:width\" content=\"1200\" \/>\n\t<meta property=\"og:image:height\" content=\"630\" \/>\n\t<meta property=\"og:image:type\" content=\"image\/jpeg\" \/>\n<meta name=\"twitter:card\" content=\"summary_large_image\" \/>\n<meta name=\"twitter:label1\" content=\"Est. reading time\" \/>\n\t<meta name=\"twitter:data1\" content=\"9 minutes\" \/>\n<script type=\"application\/ld+json\" class=\"yoast-schema-graph\">{\"@context\":\"https:\/\/schema.org\",\"@graph\":[{\"@type\":\"WebPage\",\"@id\":\"https:\/\/greentable.cz\/en\/gdpr\/\",\"url\":\"https:\/\/greentable.cz\/en\/gdpr\/\",\"name\":\"GDPR - GreenTable\",\"isPartOf\":{\"@id\":\"https:\/\/greentable.cz\/#website\"},\"datePublished\":\"2026-01-27T08:11:54+00:00\",\"dateModified\":\"2026-01-27T08:20:01+00:00\",\"breadcrumb\":{\"@id\":\"https:\/\/greentable.cz\/en\/gdpr\/#breadcrumb\"},\"inLanguage\":\"en-US\",\"potentialAction\":[{\"@type\":\"ReadAction\",\"target\":[\"https:\/\/greentable.cz\/en\/gdpr\/\"]}]},{\"@type\":\"BreadcrumbList\",\"@id\":\"https:\/\/greentable.cz\/en\/gdpr\/#breadcrumb\",\"itemListElement\":[{\"@type\":\"ListItem\",\"position\":1,\"name\":\"Dom\u016f\",\"item\":\"https:\/\/greentable.cz\/\"},{\"@type\":\"ListItem\",\"position\":2,\"name\":\"GDPR\"}]},{\"@type\":\"WebSite\",\"@id\":\"https:\/\/greentable.cz\/#website\",\"url\":\"https:\/\/greentable.cz\/\",\"name\":\"GreenTable\",\"description\":\"Vegetari\u00e1nsk\u00e1 restaurace\",\"publisher\":{\"@id\":\"https:\/\/greentable.cz\/#organization\"},\"alternateName\":\"GreenTable\",\"potentialAction\":[{\"@type\":\"SearchAction\",\"target\":{\"@type\":\"EntryPoint\",\"urlTemplate\":\"https:\/\/greentable.cz\/?s={search_term_string}\"},\"query-input\":{\"@type\":\"PropertyValueSpecification\",\"valueRequired\":true,\"valueName\":\"search_term_string\"}}],\"inLanguage\":\"en-US\"},{\"@type\":\"Organization\",\"@id\":\"https:\/\/greentable.cz\/#organization\",\"name\":\"GreenTable\",\"alternateName\":\"GreenTable\",\"url\":\"https:\/\/greentable.cz\/\",\"logo\":{\"@type\":\"ImageObject\",\"inLanguage\":\"en-US\",\"@id\":\"https:\/\/greentable.cz\/#\/schema\/logo\/image\/\",\"url\":\"https:\/\/greentable.cz\/wp-content\/uploads\/2025\/10\/cropped-Group-406.png\",\"contentUrl\":\"https:\/\/greentable.cz\/wp-content\/uploads\/2025\/10\/cropped-Group-406.png\",\"width\":512,\"height\":512,\"caption\":\"GreenTable\"},\"image\":{\"@id\":\"https:\/\/greentable.cz\/#\/schema\/logo\/image\/\"}}]}<\/script>\n<!-- \/ Yoast SEO plugin. -->","yoast_head_json":{"title":"GDPR - GreenTable","robots":{"index":"index","follow":"follow","max-snippet":"max-snippet:-1","max-image-preview":"max-image-preview:large","max-video-preview":"max-video-preview:-1"},"canonical":"https:\/\/greentable.cz\/en\/gdpr\/","og_locale":"en_US","og_type":"article","og_title":"GDPR - GreenTable","og_description":"Podm\u00ednky ochrany osobn\u00edch \u00fadaj\u016f I. Ochrana osobn\u00edch \u00fadaj\u016f 1.1 Vlo\u017een\u00edm osobn\u00edch \u00fadaj\u016f potvrzuje u\u017eivatel, \u017ee je srozum\u011bn s\u00a0podm\u00ednkami ochrany osobn\u00edch \u00fadaj\u016f, \u017ee vyjad\u0159uje sv\u016fj souhlas s\u00a0jejich zn\u011bn\u00edm, a\u00a0\u017ee je v\u00a0cel\u00e9m rozsahu akceptuje. 1.2 Poskytovatel je spr\u00e1vcem osobn\u00edch \u00fadaj\u016f u\u017eivatel\u016f podle \u010dl. 4 bod 7) na\u0159\u00edzen\u00ed Evropsk\u00e9ho parlamentu a\u00a0Rady (EU) 2016\/679 o\u00a0ochran\u011b fyzick\u00fdch osob v\u00a0souvislosti se [&hellip;]","og_url":"https:\/\/greentable.cz\/en\/gdpr\/","og_site_name":"GreenTable","article_modified_time":"2026-01-27T08:20:01+00:00","og_image":[{"width":1200,"height":630,"url":"https:\/\/greentable.cz\/wp-content\/uploads\/2025\/11\/Group-643.jpg","type":"image\/jpeg"}],"twitter_card":"summary_large_image","twitter_misc":{"Est. reading time":"9 minutes"},"schema":{"@context":"https:\/\/schema.org","@graph":[{"@type":"WebPage","@id":"https:\/\/greentable.cz\/en\/gdpr\/","url":"https:\/\/greentable.cz\/en\/gdpr\/","name":"GDPR - GreenTable","isPartOf":{"@id":"https:\/\/greentable.cz\/#website"},"datePublished":"2026-01-27T08:11:54+00:00","dateModified":"2026-01-27T08:20:01+00:00","breadcrumb":{"@id":"https:\/\/greentable.cz\/en\/gdpr\/#breadcrumb"},"inLanguage":"en-US","potentialAction":[{"@type":"ReadAction","target":["https:\/\/greentable.cz\/en\/gdpr\/"]}]},{"@type":"BreadcrumbList","@id":"https:\/\/greentable.cz\/en\/gdpr\/#breadcrumb","itemListElement":[{"@type":"ListItem","position":1,"name":"Dom\u016f","item":"https:\/\/greentable.cz\/"},{"@type":"ListItem","position":2,"name":"GDPR"}]},{"@type":"WebSite","@id":"https:\/\/greentable.cz\/#website","url":"https:\/\/greentable.cz\/","name":"GreenTable","description":"Vegetari\u00e1nsk\u00e1 restaurace","publisher":{"@id":"https:\/\/greentable.cz\/#organization"},"alternateName":"GreenTable","potentialAction":[{"@type":"SearchAction","target":{"@type":"EntryPoint","urlTemplate":"https:\/\/greentable.cz\/?s={search_term_string}"},"query-input":{"@type":"PropertyValueSpecification","valueRequired":true,"valueName":"search_term_string"}}],"inLanguage":"en-US"},{"@type":"Organization","@id":"https:\/\/greentable.cz\/#organization","name":"GreenTable","alternateName":"GreenTable","url":"https:\/\/greentable.cz\/","logo":{"@type":"ImageObject","inLanguage":"en-US","@id":"https:\/\/greentable.cz\/#\/schema\/logo\/image\/","url":"https:\/\/greentable.cz\/wp-content\/uploads\/2025\/10\/cropped-Group-406.png","contentUrl":"https:\/\/greentable.cz\/wp-content\/uploads\/2025\/10\/cropped-Group-406.png","width":512,"height":512,"caption":"GreenTable"},"image":{"@id":"https:\/\/greentable.cz\/#\/schema\/logo\/image\/"}}]}},"_links":{"self":[{"href":"https:\/\/greentable.cz\/en\/wp-json\/wp\/v2\/pages\/782","targetHints":{"allow":["GET"]}}],"collection":[{"href":"https:\/\/greentable.cz\/en\/wp-json\/wp\/v2\/pages"}],"about":[{"href":"https:\/\/greentable.cz\/en\/wp-json\/wp\/v2\/types\/page"}],"author":[{"embeddable":true,"href":"https:\/\/greentable.cz\/en\/wp-json\/wp\/v2\/users\/1"}],"replies":[{"embeddable":true,"href":"https:\/\/greentable.cz\/en\/wp-json\/wp\/v2\/comments?post=782"}],"version-history":[{"count":1,"href":"https:\/\/greentable.cz\/en\/wp-json\/wp\/v2\/pages\/782\/revisions"}],"predecessor-version":[{"id":783,"href":"https:\/\/greentable.cz\/en\/wp-json\/wp\/v2\/pages\/782\/revisions\/783"}],"wp:attachment":[{"href":"https:\/\/greentable.cz\/en\/wp-json\/wp\/v2\/media?parent=782"}],"curies":[{"name":"wp","href":"https:\/\/api.w.org\/{rel}","templated":true}]}}